{"id":12739,"date":"2022-05-15T17:28:10","date_gmt":"2022-05-15T15:28:10","guid":{"rendered":"http:\/\/10.35.2.11\/?page_id=12739"},"modified":"2022-05-15T18:08:05","modified_gmt":"2022-05-15T16:08:05","slug":"datenschutzerklaerung-3","status":"publish","type":"page","link":"https:\/\/doschauher.tv\/?page_id=12739","title":{"rendered":"Datenschutzerkl\u00e4rung SS22"},"content":{"rendered":"\t\t<div data-elementor-type=\"wp-page\" data-elementor-id=\"12739\" class=\"elementor elementor-12739\">\n\t\t\t\t\t\t<section class=\"elementor-section elementor-top-section elementor-element elementor-element-04a008e elementor-section-full_width elementor-section-stretched elementor-section-height-default elementor-section-height-default\" data-id=\"04a008e\" data-element_type=\"section\" data-e-type=\"section\" data-settings=\"{&quot;stretch_section&quot;:&quot;section-stretched&quot;,&quot;background_background&quot;:&quot;classic&quot;}\">\n\t\t\t\t\t\t<div class=\"elementor-container elementor-column-gap-default\">\n\t\t\t\t\t<div class=\"elementor-column elementor-col-100 elementor-top-column elementor-element elementor-element-002b974\" data-id=\"002b974\" data-element_type=\"column\" data-e-type=\"column\">\n\t\t\t<div class=\"elementor-widget-wrap elementor-element-populated\">\n\t\t\t\t\t\t<div class=\"elementor-element elementor-element-737147e elementor-widget elementor-widget-spacer\" data-id=\"737147e\" data-element_type=\"widget\" data-e-type=\"widget\" data-widget_type=\"spacer.default\">\n\t\t\t\t<div class=\"elementor-widget-container\">\n\t\t\t\t\t\t\t<div class=\"elementor-spacer\">\n\t\t\t<div class=\"elementor-spacer-inner\"><\/div>\n\t\t<\/div>\n\t\t\t\t\t\t<\/div>\n\t\t\t\t<\/div>\n\t\t\t\t<section class=\"elementor-section elementor-inner-section elementor-element elementor-element-5f619e9 elementor-section-boxed elementor-section-height-default elementor-section-height-default\" data-id=\"5f619e9\" data-element_type=\"section\" data-e-type=\"section\">\n\t\t\t\t\t\t<div class=\"elementor-container elementor-column-gap-default\">\n\t\t\t\t\t<div class=\"elementor-column elementor-col-100 elementor-inner-column elementor-element elementor-element-14d4b37\" data-id=\"14d4b37\" data-element_type=\"column\" data-e-type=\"column\">\n\t\t\t<div class=\"elementor-widget-wrap elementor-element-populated\">\n\t\t\t\t\t\t<div class=\"elementor-element elementor-element-eb4f641 elementor-widget elementor-widget-heading\" data-id=\"eb4f641\" data-element_type=\"widget\" data-e-type=\"widget\" data-widget_type=\"heading.default\">\n\t\t\t\t<div class=\"elementor-widget-container\">\n\t\t\t\t\t<h2 class=\"elementor-heading-title elementor-size-default\">Datenschutz<\/h2>\t\t\t\t<\/div>\n\t\t\t\t<\/div>\n\t\t\t\t<div class=\"elementor-element elementor-element-1a26f66 elementor-widget elementor-widget-text-editor\" data-id=\"1a26f66\" data-element_type=\"widget\" data-e-type=\"widget\" data-widget_type=\"text-editor.default\">\n\t\t\t\t<div class=\"elementor-widget-container\">\n\t\t\t\t\t\t\t\t\t<p>DIESE WEBSITE NUTZT FUNKTIONEN DES WEBANALYSEDIENSTES GOOGLE ANALYTICS. IM AUFTRAG DES BETREIBERS DIESER WEBSITE WIRD GOOGLE DIESE INFORMATIONEN BENUTZEN, UM IHRE NUTZUNG DER WEBSITE AUSZUWERTEN, UM REPORTS \u00dcBER DIE WEBSITEAKTIVIT\u00c4TEN ZUSAMMENZUSTELLEN UND UM WEITERE MIT DER WEBSITENUTZUNG UND DER INTERNETNUTZUNG VERBUNDENE DIENSTLEISTUNGEN GEGEN\u00dcBER DEM WEBSITEBETREIBER ZU ERBRINGEN. IM FALLE DER AKTIVIERUNG DER IP-ANONYMISIERUNG AUF DIESER WEBSITE, WIRD IHRE IP-ADRESSE VON GOOGLE JEDOCH INNERHALB VON MITGLIEDSTAATEN DER EUROP\u00c4ISCHEN UNION ODER IN ANDEREN VERTRAGSSTAATEN DES ABKOMMENS \u00dcBER DEN EUROP\u00c4ISCHEN WIRTSCHAFTSRAUM ZUVOR GEK\u00dcRZT. NUR IN AUSNAHMEF\u00c4LLEN WIRD DIE VOLLE IP-ADRESSE AN EINEN SERVER VON GOOGLE IN DEN USA \u00dcBERTRAGEN UND DORT GEK\u00dcRZT. DIE IM RAHMEN VON GOOGLE ANALYTICS VON IHREM BROWSER \u00dcBERMITTELTE IP-ADRESSE WIRD NICHT MIT ANDEREN DATEN VON GOOGLE ZUSAMMENGEF\u00dcHRT. WIR WEISEN SIE DARAUF HIN, DASS AUF DIESER WEBSITE GOOGLE ANALYTICS UM DEN CODE \u201eANONYMIZEIP\u201c ERWEITERT WURDE, UM EINE ANONYMISIERTE ERFASSUNG VON IP-ADRESSEN (SOG. IP-MASKING) ZU GEW\u00c4HRLEISTEN. SIE K\u00d6NNEN DIE AUSWERTUNG IHRER DATEN WIE FOLGT BEEINFLUSSEN: SIE K\u00d6NNEN DIE SPEICHERUNG DER COOKIES DURCH EINE ENTSPRECHENDE EINSTELLUNG IHRER BROWSER-SOFTWARE VERHINDERN; WIR WEISEN SIE JEDOCH DARAUF HIN, DASS SIE IN DIESEM FALL GEGEBENENFALLS NICHT S\u00c4MTLICHE FUNKTIONEN DIESER WEBSITE VOLLUMF\u00c4NGLICH WERDEN NUTZEN K\u00d6NNEN. SIE K\u00d6NNEN DAR\u00dcBER HINAUS DIE ERFASSUNG DER DURCH DAS COOKIE ERZEUGTEN UND AUF IHRE NUTZUNG DER WEBSITE BEZOGENEN DATEN (INKL. IHRER IP-ADRESSE) AN GOOGLE SOWIE DIE VERARBEITUNG DIESER DATEN DURCH GOOGLE VERHINDERN, INDEM SIE DAS UNTER DEM FOLGENDEN LINK VERF\u00dcGBARE BROWSER-PLUGIN HERUNTERLADEN UND INSTALLIEREN: HTTP:\/\/TOOLS.GOOGLE.COM\/DLPAGE\/GAOPTOUT?HL=DE SIE K\u00d6NNEN DIE ERFASSUNG MIT GOOGLE ANALYTICS AUF DIESER WEBSEITE DEAKTIVIEREN. NACH DEM KLICK AUF DEN LINK WIRD EIN OPT-OUT-COOKIE GESETZT. SO LANGE DIESES COOKIE AKTIV IST, WIRD SIE GOOGLE ANALYTICS AUF DIESER WEBSEITE NICHT ERFASSEN. WIR NUTZEN GOOGLE ANALYTICS ZUDEM DAZU, DATEN AUS ADWORDS UND DEM DOUBLE-CLICK-COOKIE ZU STATISTISCHEN ZWECKEN AUSZUWERTEN. SOLLTEN SIE DIES NICHT W\u00dcNSCHEN, K\u00d6NNEN SIE DIES \u00dcBER DEN ANZEIGENVORGABEN-MANAGER (HTTP:\/\/WWW.GOOGLE.COM\/SETTINGS\/ADS\/ONWEB\/?HL=DE) DEAKTIVIEREN.<\/p>\t\t\t\t\t\t\t\t<\/div>\n\t\t\t\t<\/div>\n\t\t\t\t<div class=\"elementor-element elementor-element-65d09af elementor-widget elementor-widget-html\" data-id=\"65d09af\" data-element_type=\"widget\" data-e-type=\"widget\" data-widget_type=\"html.default\">\n\t\t\t\t<div class=\"elementor-widget-container\">\n\t\t\t\t\t<script>\n    let target = document.getElementById(\"content-wrap\").style.paddingBottom = \"0px\";\n<\/script>\t\t\t\t<\/div>\n\t\t\t\t<\/div>\n\t\t\t\t\t<\/div>\n\t\t<\/div>\n\t\t\t\t\t<\/div>\n\t\t<\/section>\n\t\t\t\t\t<\/div>\n\t\t<\/div>\n\t\t\t\t\t<\/div>\n\t\t<\/section>\n\t\t\t\t<\/div>\n\t\t","protected":false},"excerpt":{"rendered":"<p>Datenschutz DIESE WEBSITE NUTZT FUNKTIONEN DES WEBANALYSEDIENSTES GOOGLE ANALYTICS. IM AUFTRAG DES BETREIBERS DIESER WEBSITE WIRD GOOGLE DIESE INFORMATIONEN BENUTZEN, UM IHRE NUTZUNG DER WEBSITE AUSZUWERTEN, UM REPORTS \u00dcBER DIE WEBSITEAKTIVIT\u00c4TEN ZUSAMMENZUSTELLEN UND UM WEITERE MIT DER WEBSITENUTZUNG UND DER INTERNETNUTZUNG VERBUNDENE DIENSTLEISTUNGEN GEGEN\u00dcBER DEM WEBSITEBETREIBER ZU ERBRINGEN. IM FALLE DER AKTIVIERUNG DER IP-ANONYMISIERUNG AUF [&hellip;]<\/p>\n","protected":false},"author":1,"featured_media":0,"parent":0,"menu_order":0,"comment_status":"closed","ping_status":"closed","template":"","meta":{"ocean_post_layout":"","ocean_both_sidebars_style":"","ocean_both_sidebars_content_width":0,"ocean_both_sidebars_sidebars_width":0,"ocean_sidebar":"0","ocean_second_sidebar":"0","ocean_disable_margins":"enable","ocean_add_body_class":"","ocean_shortcode_before_top_bar":"","ocean_shortcode_after_top_bar":"","ocean_shortcode_before_header":"","ocean_shortcode_after_header":"","ocean_has_shortcode":"","ocean_shortcode_after_title":"","ocean_shortcode_before_footer_widgets":"","ocean_shortcode_after_footer_widgets":"","ocean_shortcode_before_footer_bottom":"","ocean_shortcode_after_footer_bottom":"","ocean_display_top_bar":"default","ocean_display_header":"default","ocean_header_style":"","ocean_center_header_left_menu":"0","ocean_custom_header_template":"0","ocean_custom_logo":0,"ocean_custom_retina_logo":0,"ocean_custom_logo_max_width":0,"ocean_custom_logo_tablet_max_width":0,"ocean_custom_logo_mobile_max_width":0,"ocean_custom_logo_max_height":0,"ocean_custom_logo_tablet_max_height":0,"ocean_custom_logo_mobile_max_height":0,"ocean_header_custom_menu":"0","ocean_menu_typo_font_family":"0","ocean_menu_typo_font_subset":"","ocean_menu_typo_font_size":0,"ocean_menu_typo_font_size_tablet":0,"ocean_menu_typo_font_size_mobile":0,"ocean_menu_typo_font_size_unit":"px","ocean_menu_typo_font_weight":"","ocean_menu_typo_font_weight_tablet":"","ocean_menu_typo_font_weight_mobile":"","ocean_menu_typo_transform":"","ocean_menu_typo_transform_tablet":"","ocean_menu_typo_transform_mobile":"","ocean_menu_typo_line_height":0,"ocean_menu_typo_line_height_tablet":0,"ocean_menu_typo_line_height_mobile":0,"ocean_menu_typo_line_height_unit":"","ocean_menu_typo_spacing":0,"ocean_menu_typo_spacing_tablet":0,"ocean_menu_typo_spacing_mobile":0,"ocean_menu_typo_spacing_unit":"","ocean_menu_link_color":"","ocean_menu_link_color_hover":"","ocean_menu_link_color_active":"","ocean_menu_link_background":"","ocean_menu_link_hover_background":"","ocean_menu_link_active_background":"","ocean_menu_social_links_bg":"","ocean_menu_social_hover_links_bg":"","ocean_menu_social_links_color":"","ocean_menu_social_hover_links_color":"","ocean_disable_title":"default","ocean_disable_heading":"default","ocean_post_title":"","ocean_post_subheading":"","ocean_post_title_style":"","ocean_post_title_background_color":"","ocean_post_title_background":0,"ocean_post_title_bg_image_position":"","ocean_post_title_bg_image_attachment":"","ocean_post_title_bg_image_repeat":"","ocean_post_title_bg_image_size":"","ocean_post_title_height":0,"ocean_post_title_bg_overlay":0.5,"ocean_post_title_bg_overlay_color":"","ocean_disable_breadcrumbs":"default","ocean_breadcrumbs_color":"","ocean_breadcrumbs_separator_color":"","ocean_breadcrumbs_links_color":"","ocean_breadcrumbs_links_hover_color":"","ocean_display_footer_widgets":"default","ocean_display_footer_bottom":"default","ocean_custom_footer_template":"0","footnotes":""},"class_list":["post-12739","page","type-page","status-publish","hentry","entry"],"_links":{"self":[{"href":"https:\/\/doschauher.tv\/index.php?rest_route=\/wp\/v2\/pages\/12739","targetHints":{"allow":["GET"]}}],"collection":[{"href":"https:\/\/doschauher.tv\/index.php?rest_route=\/wp\/v2\/pages"}],"about":[{"href":"https:\/\/doschauher.tv\/index.php?rest_route=\/wp\/v2\/types\/page"}],"author":[{"embeddable":true,"href":"https:\/\/doschauher.tv\/index.php?rest_route=\/wp\/v2\/users\/1"}],"replies":[{"embeddable":true,"href":"https:\/\/doschauher.tv\/index.php?rest_route=%2Fwp%2Fv2%2Fcomments&post=12739"}],"version-history":[{"count":11,"href":"https:\/\/doschauher.tv\/index.php?rest_route=\/wp\/v2\/pages\/12739\/revisions"}],"predecessor-version":[{"id":12772,"href":"https:\/\/doschauher.tv\/index.php?rest_route=\/wp\/v2\/pages\/12739\/revisions\/12772"}],"wp:attachment":[{"href":"https:\/\/doschauher.tv\/index.php?rest_route=%2Fwp%2Fv2%2Fmedia&parent=12739"}],"curies":[{"name":"wp","href":"https:\/\/api.w.org\/{rel}","templated":true}]}}